{"id":1522,"date":"2022-04-04T13:32:31","date_gmt":"2022-04-04T13:32:31","guid":{"rendered":"https:\/\/mariabrun.fr\/?page_id=1522"},"modified":"2026-04-02T10:43:38","modified_gmt":"2026-04-02T10:43:38","slug":"accueil","status":"publish","type":"page","link":"https:\/\/mariabrun.fr\/","title":{"rendered":"Accueil"},"content":{"rendered":"\t\t<div data-elementor-type=\"wp-page\" data-elementor-id=\"1522\" class=\"elementor elementor-1522\">\n\t\t\t\t\t\t<section class=\"elementor-section elementor-top-section elementor-element elementor-element-5a19cfc7 elementor-section-boxed elementor-section-height-default elementor-section-height-default\" data-id=\"5a19cfc7\" data-element_type=\"section\">\n\t\t\t\t\t\t<div class=\"elementor-container elementor-column-gap-default\">\n\t\t\t\t\t<div class=\"elementor-column elementor-col-100 elementor-top-column elementor-element elementor-element-3b6ad141\" data-id=\"3b6ad141\" data-element_type=\"column\">\n\t\t\t<div class=\"elementor-widget-wrap elementor-element-populated\">\n\t\t\t\t\t\t<div class=\"elementor-element elementor-element-7d3d7edf elementor-widget elementor-widget-text-editor\" data-id=\"7d3d7edf\" data-element_type=\"widget\" data-widget_type=\"text-editor.default\">\n\t\t\t\t<div class=\"elementor-widget-container\">\n\t\t\t\t\t\t\t\t\t<h2>Pr\u00eat \u00e0 vivre<strong> V<\/strong>otre <strong>A<\/strong>venture <strong>E<\/strong>xtraordinaire\u00a0? <br \/>Lancez-vous dans une <strong>V<\/strong>alidation des <strong>A<\/strong>cquis de l\u2019<strong>E<\/strong>xp\u00e9rience\u00a0!<\/h2>\t\t\t\t\t\t\t\t<\/div>\n\t\t\t\t<\/div>\n\t\t\t\t\t<\/div>\n\t\t<\/div>\n\t\t\t\t\t<\/div>\n\t\t<\/section>\n\t\t\t\t<section class=\"elementor-section elementor-top-section elementor-element elementor-element-32e7af0 elementor-section-boxed elementor-section-height-default elementor-section-height-default\" data-id=\"32e7af0\" data-element_type=\"section\">\n\t\t\t\t\t\t<div class=\"elementor-container elementor-column-gap-default\">\n\t\t\t\t\t<div class=\"elementor-column elementor-col-100 elementor-top-column elementor-element elementor-element-5ff4110\" data-id=\"5ff4110\" data-element_type=\"column\">\n\t\t\t<div class=\"elementor-widget-wrap elementor-element-populated\">\n\t\t\t\t\t\t<div class=\"elementor-element elementor-element-f61b7e4 elementor-widget elementor-widget-text-editor\" data-id=\"f61b7e4\" data-element_type=\"widget\" data-widget_type=\"text-editor.default\">\n\t\t\t\t<div class=\"elementor-widget-container\">\n\t\t\t\t\t\t\t\t\t<p>Votre consultante vous accompagne dans votre projet : appui m\u00e9thodologique, outils et coaching pour constituer votre dossier et vous pr\u00e9parer aux \u00e9preuves d\u2019\u00e9valuation.<\/p><p>Pour augmenter vos chances de r\u00e9ussite, l\u2019accompagnement est souvent incontournable.<\/p><p>Les atouts de votre consultante\u00a0: Une exp\u00e9rience personnelle et professionnelle de la globalit\u00e9 de la d\u00e9marche VAE en tant que candidate, membre du jury, certifi\u00e9e Formatrice Pour Adulte et experte en accompagnement VAE (Logistique, Sanitaire et Social, Tertiaire, \u2026).<\/p><p><strong><span style=\"color: #2e6bff;\">Ce que dit la loi<\/span><\/strong><\/p><p>Toute personne, quel que soit son \u00e2ge, sa nationalit\u00e9, son statut et son niveau de formation peut \u00eatre \u00e9ligible \u00e0 la VAE, la certification vis\u00e9e doit \u00eatre en lien avec l\u2019exp\u00e9rience professionnelle et enregistr\u00e9e au R\u00e9pertoire National des Certifications Professionnelles (RNCP). Il peut s\u2019agir : d\u2019un dipl\u00f4me ; d\u2019un titre professionnel ou d\u2019un certificat de qualification professionnelle allant du niveau 3 (CAP) au niveau 8 (doctorat).<\/p><p><span style=\"color: #2e6bff;\"><b style=\"font-size: 1rem;\">Les points forts de cette formation<\/b><\/span><\/p><p>Un accompagnement sur mesure et individualis\u00e9 (m\u00e9thode et outils), l\u2019engagement d\u2019une relation dynamique et motivante en vous rendant acteur de votre projet de certification, par la r\u00e9gularit\u00e9 des rendez-vous et l\u2019adaptation du rythme sur la dur\u00e9e de l\u2019accompagnement.<\/p><p><span style=\"color: #2e6bff;\"><b>Informations sur l&rsquo;admission<\/b><\/span><\/p><p><span style=\"font-size: 1rem;\">Admission apr\u00e8s un entretien de diagnostic pour v\u00e9rifier la faisabilit\u00e9 du projet VAE gratuit et sans engagement.<\/span><\/p><p><span style=\"color: #2e6bff;\"><b>Informations sur le p\u00e9rim\u00e8tre de recrutement<\/b><\/span><\/p><p>Votre consultante intervient en Indre et Loire (37) et d\u00e9partements limitrophes, comme l\u2019Indre (36), le Loir et Cher (41), la Maine et Loire (49), la Sarthe (72) et la Vienne (86) \u00e0 distance ou en pr\u00e9sentiel dans la limite de 20km de p\u00e9riph\u00e9rie.<\/p><p><span style=\"color: #2e6bff;\"><b style=\"font-size: 1rem;\">Objectifs de la formation\/p\u00e9dagogique<\/b><\/span><\/p><p>Le b\u00e9n\u00e9ficiaire connait en d\u00e9tail la d\u00e9marche d\u2019une VAE, appr\u00e9hende le r\u00e9f\u00e9rentiel de la certification vis\u00e9e, r\u00e9dige les diff\u00e9rents livrets (recevabilit\u00e9 et dossier d\u2019exp\u00e9rience), est dans la capacit\u00e9 d\u2019expliquer \u00e0 l\u2019\u00e9crit et \u00e0 l\u2019oral ses missions et actions identifi\u00e9es sur son parcours professionnel et\/ou b\u00e9n\u00e9vole et d\u00e9veloppe une estime de soi pour garantir toutes les chances de r\u00e9ussite de son projet VAE.<\/p><p><span style=\"color: #2e6bff;\"><b>Modalit\u00e9s p\u00e9dagogiques adapt\u00e9es aux personnes en situation de handicap<\/b><\/span><\/p><p>L\u2019accompagnement sur mesure et sp\u00e9cifique est \u00e9tudi\u00e9 et mis en place pour le public en situation de handicap (par exemple : possibilit\u00e9 de faire intervenir une interpr\u00e8te pour les personnes malentendantes ou d\u2019intervenir \u00e0 domicile du b\u00e9n\u00e9ficiaire dans la limite de 20km de trajet).<\/p><p>Une aide est r\u00e9alis\u00e9e dans les d\u00e9marches de financement, accueil aupr\u00e8s des certificateurs et moyens techniques envisag\u00e9s pour le public en situation de handicap.<\/p>\t\t\t\t\t\t\t\t<\/div>\n\t\t\t\t<\/div>\n\t\t\t\t\t<\/div>\n\t\t<\/div>\n\t\t\t\t\t<\/div>\n\t\t<\/section>\n\t\t\t\t<section class=\"elementor-section elementor-top-section elementor-element elementor-element-92f297f elementor-section-boxed elementor-section-height-default elementor-section-height-default\" data-id=\"92f297f\" data-element_type=\"section\">\n\t\t\t\t\t\t<div class=\"elementor-container elementor-column-gap-default\">\n\t\t\t\t\t<div class=\"elementor-column elementor-col-100 elementor-top-column elementor-element elementor-element-365a796\" data-id=\"365a796\" data-element_type=\"column\">\n\t\t\t<div class=\"elementor-widget-wrap elementor-element-populated\">\n\t\t\t\t\t\t<div class=\"elementor-element elementor-element-3ff8146 elementor-widget elementor-widget-image\" data-id=\"3ff8146\" data-element_type=\"widget\" data-widget_type=\"image.default\">\n\t\t\t\t<div class=\"elementor-widget-container\">\n\t\t\t\t\t\t\t\t\t\t\t\t\t\t\t<img fetchpriority=\"high\" decoding=\"async\" width=\"640\" height=\"153\" src=\"https:\/\/mariabrun.fr\/wp-content\/uploads\/2026\/04\/Bandeau-Pourcentage-Reussite.png\" class=\"attachment-large size-large wp-image-1968\" alt=\"\" srcset=\"https:\/\/mariabrun.fr\/wp-content\/uploads\/2026\/04\/Bandeau-Pourcentage-Reussite.png 640w, https:\/\/mariabrun.fr\/wp-content\/uploads\/2026\/04\/Bandeau-Pourcentage-Reussite-300x72.png 300w\" sizes=\"(max-width: 640px) 100vw, 640px\" \/>\t\t\t\t\t\t\t\t\t\t\t\t\t\t\t<\/div>\n\t\t\t\t<\/div>\n\t\t\t\t\t<\/div>\n\t\t<\/div>\n\t\t\t\t\t<\/div>\n\t\t<\/section>\n\t\t\t\t<section class=\"elementor-section elementor-top-section elementor-element elementor-element-9775cca elementor-section-boxed elementor-section-height-default elementor-section-height-default\" data-id=\"9775cca\" data-element_type=\"section\">\n\t\t\t\t\t\t<div class=\"elementor-container elementor-column-gap-default\">\n\t\t\t\t\t<div class=\"elementor-column elementor-col-100 elementor-top-column elementor-element elementor-element-f59e62e\" data-id=\"f59e62e\" data-element_type=\"column\">\n\t\t\t<div class=\"elementor-widget-wrap elementor-element-populated\">\n\t\t\t\t\t\t<div class=\"elementor-element elementor-element-68bb4a0 elementor-widget elementor-widget-image\" data-id=\"68bb4a0\" data-element_type=\"widget\" data-widget_type=\"image.default\">\n\t\t\t\t<div class=\"elementor-widget-container\">\n\t\t\t\t\t\t\t\t\t\t\t\t\t\t\t\t<a href=\"http:\/\/mariabrun.fr\/wp-content\/uploads\/2026\/04\/Indicateurs-MB-2025.pdf\">\n\t\t\t\t\t\t\t<img decoding=\"async\" width=\"696\" height=\"426\" src=\"https:\/\/mariabrun.fr\/wp-content\/uploads\/2026\/04\/Image-indicateurs-768x470.png\" class=\"attachment-medium_large size-medium_large wp-image-1976\" alt=\"\" srcset=\"https:\/\/mariabrun.fr\/wp-content\/uploads\/2026\/04\/Image-indicateurs-768x470.png 768w, https:\/\/mariabrun.fr\/wp-content\/uploads\/2026\/04\/Image-indicateurs-300x184.png 300w, https:\/\/mariabrun.fr\/wp-content\/uploads\/2026\/04\/Image-indicateurs-1024x627.png 1024w, https:\/\/mariabrun.fr\/wp-content\/uploads\/2026\/04\/Image-indicateurs.png 1198w\" sizes=\"(max-width: 696px) 100vw, 696px\" \/>\t\t\t\t\t\t\t\t<\/a>\n\t\t\t\t\t\t\t\t\t\t\t\t\t\t\t<\/div>\n\t\t\t\t<\/div>\n\t\t\t\t\t<\/div>\n\t\t<\/div>\n\t\t\t\t\t<\/div>\n\t\t<\/section>\n\t\t\t\t<\/div>\n\t\t","protected":false},"excerpt":{"rendered":"<p>Pr\u00eat \u00e0 vivre Votre Aventure Extraordinaire\u00a0? Lancez-vous dans une Validation des Acquis de l\u2019Exp\u00e9rience\u00a0! Votre consultante vous accompagne dans votre projet : appui m\u00e9thodologique, outils et coaching pour constituer votre dossier et vous pr\u00e9parer aux \u00e9preuves d\u2019\u00e9valuation. Pour augmenter vos chances de r\u00e9ussite, l\u2019accompagnement est souvent incontournable. Les atouts de votre consultante\u00a0: Une exp\u00e9rience personnelle [&hellip;]<\/p>\n","protected":false},"author":1,"featured_media":0,"parent":0,"menu_order":0,"comment_status":"closed","ping_status":"closed","template":"elementor_theme","meta":{"om_disable_all_campaigns":false,"_monsterinsights_skip_tracking":false,"_monsterinsights_sitenote_active":false,"_monsterinsights_sitenote_note":"","_monsterinsights_sitenote_category":0,"footnotes":""},"class_list":["post-1522","page","type-page","status-publish","hentry"],"aioseo_notices":[],"_links":{"self":[{"href":"https:\/\/mariabrun.fr\/index.php?rest_route=\/wp\/v2\/pages\/1522","targetHints":{"allow":["GET"]}}],"collection":[{"href":"https:\/\/mariabrun.fr\/index.php?rest_route=\/wp\/v2\/pages"}],"about":[{"href":"https:\/\/mariabrun.fr\/index.php?rest_route=\/wp\/v2\/types\/page"}],"author":[{"embeddable":true,"href":"https:\/\/mariabrun.fr\/index.php?rest_route=\/wp\/v2\/users\/1"}],"replies":[{"embeddable":true,"href":"https:\/\/mariabrun.fr\/index.php?rest_route=%2Fwp%2Fv2%2Fcomments&post=1522"}],"version-history":[{"count":76,"href":"https:\/\/mariabrun.fr\/index.php?rest_route=\/wp\/v2\/pages\/1522\/revisions"}],"predecessor-version":[{"id":1979,"href":"https:\/\/mariabrun.fr\/index.php?rest_route=\/wp\/v2\/pages\/1522\/revisions\/1979"}],"wp:attachment":[{"href":"https:\/\/mariabrun.fr\/index.php?rest_route=%2Fwp%2Fv2%2Fmedia&parent=1522"}],"curies":[{"name":"wp","href":"https:\/\/api.w.org\/{rel}","templated":true}]}}