{"id":1768,"date":"2022-04-27T08:36:51","date_gmt":"2022-04-27T08:36:51","guid":{"rendered":"https:\/\/mariabrun.fr\/?page_id=1768"},"modified":"2022-04-27T10:10:43","modified_gmt":"2022-04-27T10:10:43","slug":"laccompagnement","status":"publish","type":"page","link":"https:\/\/mariabrun.fr\/?page_id=1768","title":{"rendered":"L&rsquo;accompagnement"},"content":{"rendered":"\t\t<div data-elementor-type=\"wp-page\" data-elementor-id=\"1768\" class=\"elementor elementor-1768\">\n\t\t\t\t\t\t<section class=\"elementor-section elementor-top-section elementor-element elementor-element-e9604fa elementor-section-boxed elementor-section-height-default elementor-section-height-default\" data-id=\"e9604fa\" data-element_type=\"section\">\n\t\t\t\t\t\t<div class=\"elementor-container elementor-column-gap-default\">\n\t\t\t\t\t<div class=\"elementor-column elementor-col-100 elementor-top-column elementor-element elementor-element-7ff1b94\" data-id=\"7ff1b94\" data-element_type=\"column\">\n\t\t\t<div class=\"elementor-widget-wrap elementor-element-populated\">\n\t\t\t\t\t\t<div class=\"elementor-element elementor-element-44c8463 elementor-widget elementor-widget-text-editor\" data-id=\"44c8463\" data-element_type=\"widget\" data-widget_type=\"text-editor.default\">\n\t\t\t\t<div class=\"elementor-widget-container\">\n\t\t\t\t\t\t\t\t\t<p><span style=\"color: #2e6bff;\"><strong>Informations sur le recrutement<\/strong><\/span><\/p>\n<p>Un entretien t\u00e9l\u00e9phonique (1heure) est r\u00e9alis\u00e9 pour diagnostiquer la faisabilit\u00e9 du projet VAE.<\/p>\n<p>Il a pour objectif de v\u00e9rifier si les conditions sp\u00e9cifiques et pr\u00e9requis sont justifi\u00e9s et compris.<\/p>\n<p>Justifier d&rsquo;un avis de recevabilit\u00e9 favorable de l&rsquo;organisme certificateur,&nbsp; pr\u00e9cisant le calendrier pr\u00e9visionnel de session de d\u00e9p\u00f4t du livret d&rsquo;exp\u00e9rience et d&rsquo;\u00e9valuation de votre dossier de VAE.<\/p>\n<p>Votre consultante vous accompagne dans votre d\u00e9marche VAE, experte dans le domaine de la logistique et du transport mais aussi dans des multi-m\u00e9tiers tels que : sanitaire et social, industrie, tertiaire, commerce, a\u00e9ronautique, &#8230; en vue de l&rsquo;obtention d&rsquo;un dipl\u00f4me de niveau 3 (CAP, BEP) \u00e0 6 (licence).<\/p>\n<p><span style=\"color: #2e6bff;\"><b>Le contenu de la formation<\/b><\/span><\/p>\n<p>L\u2019accompagnement&nbsp; VAE propos\u00e9 est accessible \u00e0 toute personne, quel que soit&nbsp;: son \u00e2ge, sa nationalit\u00e9, son statut et son niveau de formation, qui justifie d\u2019au moins 1 an d\u2019exp\u00e9rience en rapport direct avec la certification vis\u00e9e, peut pr\u00e9tendre \u00e0 la VAE. Cette certification qui peut \u00eatre un dipl\u00f4me, un titre ou un certificat de qualification professionnelle doit \u00eatre inscrite au R\u00e9pertoire national des certifications professionnelles (RNCP).<\/p>\n<p>Il se d\u00e9roule en 3 grandes \u00e9tapes&nbsp;:<\/p>\n<p style=\"margin-left: 54.0pt; mso-add-space: auto; text-indent: -18.0pt; mso-list: l0 level1 lfo1;\">1.<span style=\"font-variant-numeric: normal; font-variant-east-asian: normal; font-stretch: normal; font-size: 7pt; line-height: normal; font-family: 'Times New Roman';\">&nbsp;&nbsp;&nbsp;&nbsp;&nbsp;&nbsp; <\/span>Le diagnostic comporte l\u2019\u00e9tude de faisabilit\u00e9 du projet VAE, l\u2019identification de la certification et le conseil sur le financement de la formation.<\/p>\n<p style=\"margin-left: 54.0pt; mso-add-space: auto; text-indent: -18.0pt; mso-list: l0 level1 lfo1;\">2.<span style=\"font-variant-numeric: normal; font-variant-east-asian: normal; font-stretch: normal; font-size: 7pt; line-height: normal; font-family: 'Times New Roman';\">&nbsp;&nbsp;&nbsp;&nbsp;&nbsp;&nbsp; <\/span>L\u2019accompagnement \u00e0 la constitution des livrets 1 Recevabilit\u00e9* et 2 Dossier d\u2019exp\u00e9rience vous apporte une aide sur&nbsp;: l\u2019identification des t\u00e2ches significatives et de vos missions de votre exp\u00e9rience en lien avec le dipl\u00f4me vis\u00e9, la constitution des preuves pertinentes, un appui \u00e0 la r\u00e9daction de vos livrets (orthographe, syntaxe, outils informatiques, Word,\u2026) et un coaching personnalis\u00e9 pour cr\u00e9er une dynamique autour de votre d\u00e9marche VAE.<\/p>\n<p style=\"margin-left: 54.0pt; mso-add-space: auto; text-indent: -18.0pt; mso-list: l0 level1 lfo1;\">3.<span style=\"font-variant-numeric: normal; font-variant-east-asian: normal; font-stretch: normal; font-size: 7pt; line-height: normal; font-family: 'Times New Roman';\">&nbsp;&nbsp;&nbsp;&nbsp;&nbsp;&nbsp; <\/span>La pr\u00e9paration et le suivi de la phase Jury part l\u2019\u00e9laboration d\u2019une pr\u00e9sentation, une mise en situation et le suivi post-jury pour \u00e9laborer une strat\u00e9gie en fonction de la sanction du certificateur.<\/p>\n<p>(*frais d\u2019aide \u00e0 la constitution du livret 1 hors CPF)<\/p><p><span style=\"color: #2e6bff;\"><strong>Informations sur les modalit\u00e9s p\u00e9dagogiques<\/strong><\/span><\/p>\n<p>Votre consultante vous accompagne dans ce projet dans une p\u00e9dagogie active : appui m\u00e9thodologique, outils et coaching pour constituer votre dossier et vous pr\u00e9parer aux \u00e9preuves d\u2019\u00e9valuation de la VAE.<\/p>\n<p><span style=\"color: #2e6bff;\"><b>Planification de l\u2019accompagnement<\/b><\/span><\/p>\n<p>Les entretiens sont planifi\u00e9s \u00e0 la fr\u00e9quence de 7 \u00e0 14 jours (en fonction du temps consacr\u00e9 \u00e0 votre projet VAE) dans la limite du forfait \u00e9tabli pour vous permettre de r\u00e9diger vos \u00e9crits, un \u00e9change sur les points forts et les \u00e9ventuels freins \u00e0 lever, votre \u00e9tat d\u2019esprit, la v\u00e9rification du respect du calendrier de votre projet et la d\u00e9finition des objectifs pour le rendez-vous suivant.<\/p>\n<p><b><span style=\"color: #0070c0;\"><span style=\"color: #2e6bff;\">R\u00e9sultats de la formation<\/span> <\/span><\/b><\/p>\n<p>Vous r\u00e9alisez une introspection de votre parcours professionnel et s\u00e9lectionn\u00e9 les exp\u00e9riences les plus significatives, vous connaissez les points forts et de vigilances, vous avez d\u00e9crit vos exp\u00e9riences et s\u00e9lectionn\u00e9 les \u00e9l\u00e9ments de preuve, vous avez r\u00e9digez votre dossier, vous \u00eates pr\u00e9par\u00e9 \u00e0 l\u2019entretien devant le jury et vous avez acquis une estime de soi (personnelle et professionnelle) tout au long du parcours de formation.<\/p>\n<p>La sanction est uniquement \u00e9mise par le Jury du certificateur, elle permet au b\u00e9n\u00e9ficiaire d\u2019obtenir en totalit\u00e9 ou partiellement un dipl\u00f4me, un titre professionnel ou une certification enregistr\u00e9(e) dans le fichier RNCP*<\/p>\n<p>*<i>L&rsquo;article 41 cr\u00e9e en outre un R\u00e9pertoire national des certificats professionnels (RNCP) dont l&rsquo;objectif est d&rsquo;accro\u00eetre la lisibilit\u00e9 et la coh\u00e9rence des certifications professionnelles quelle que soit leur forme, soit en date du 12 mai 2021, 18 482 certifications dont 4 957 actives homologu\u00e9es par l\u2019\u00e9tat.<\/i><\/p>\n<p><\/p>\t\t\t\t\t\t\t\t<\/div>\n\t\t\t\t<\/div>\n\t\t\t\t\t<\/div>\n\t\t<\/div>\n\t\t\t\t\t<\/div>\n\t\t<\/section>\n\t\t\t\t<\/div>\n\t\t","protected":false},"excerpt":{"rendered":"<p>Informations sur le recrutement Un entretien t\u00e9l\u00e9phonique (1heure) est r\u00e9alis\u00e9 pour diagnostiquer la faisabilit\u00e9 du projet VAE. Il a pour objectif de v\u00e9rifier si les conditions sp\u00e9cifiques et pr\u00e9requis sont justifi\u00e9s et compris. Justifier d&rsquo;un avis de recevabilit\u00e9 favorable de l&rsquo;organisme certificateur,&nbsp; pr\u00e9cisant le calendrier pr\u00e9visionnel de session de d\u00e9p\u00f4t du livret d&rsquo;exp\u00e9rience et d&rsquo;\u00e9valuation [&hellip;]<\/p>\n","protected":false},"author":1,"featured_media":0,"parent":0,"menu_order":0,"comment_status":"closed","ping_status":"closed","template":"","meta":{"om_disable_all_campaigns":false,"_monsterinsights_skip_tracking":false,"_monsterinsights_sitenote_active":false,"_monsterinsights_sitenote_note":"","_monsterinsights_sitenote_category":0,"footnotes":""},"class_list":["post-1768","page","type-page","status-publish","hentry"],"aioseo_notices":[],"_links":{"self":[{"href":"https:\/\/mariabrun.fr\/index.php?rest_route=\/wp\/v2\/pages\/1768","targetHints":{"allow":["GET"]}}],"collection":[{"href":"https:\/\/mariabrun.fr\/index.php?rest_route=\/wp\/v2\/pages"}],"about":[{"href":"https:\/\/mariabrun.fr\/index.php?rest_route=\/wp\/v2\/types\/page"}],"author":[{"embeddable":true,"href":"https:\/\/mariabrun.fr\/index.php?rest_route=\/wp\/v2\/users\/1"}],"replies":[{"embeddable":true,"href":"https:\/\/mariabrun.fr\/index.php?rest_route=%2Fwp%2Fv2%2Fcomments&post=1768"}],"version-history":[{"count":16,"href":"https:\/\/mariabrun.fr\/index.php?rest_route=\/wp\/v2\/pages\/1768\/revisions"}],"predecessor-version":[{"id":1789,"href":"https:\/\/mariabrun.fr\/index.php?rest_route=\/wp\/v2\/pages\/1768\/revisions\/1789"}],"wp:attachment":[{"href":"https:\/\/mariabrun.fr\/index.php?rest_route=%2Fwp%2Fv2%2Fmedia&parent=1768"}],"curies":[{"name":"wp","href":"https:\/\/api.w.org\/{rel}","templated":true}]}}