{"id":1790,"date":"2022-04-27T10:14:00","date_gmt":"2022-04-27T10:14:00","guid":{"rendered":"https:\/\/mariabrun.fr\/?page_id=1790"},"modified":"2022-04-27T10:18:04","modified_gmt":"2022-04-27T10:18:04","slug":"la-prestation","status":"publish","type":"page","link":"https:\/\/mariabrun.fr\/?page_id=1790","title":{"rendered":"La prestation"},"content":{"rendered":"\t\t<div data-elementor-type=\"wp-page\" data-elementor-id=\"1790\" class=\"elementor elementor-1790\">\n\t\t\t\t\t\t<section class=\"elementor-section elementor-top-section elementor-element elementor-element-0d732d5 elementor-section-boxed elementor-section-height-default elementor-section-height-default\" data-id=\"0d732d5\" data-element_type=\"section\">\n\t\t\t\t\t\t<div class=\"elementor-container elementor-column-gap-default\">\n\t\t\t\t\t<div class=\"elementor-column elementor-col-100 elementor-top-column elementor-element elementor-element-16a8342\" data-id=\"16a8342\" data-element_type=\"column\">\n\t\t\t<div class=\"elementor-widget-wrap elementor-element-populated\">\n\t\t\t\t\t\t<div class=\"elementor-element elementor-element-7bc64f3 elementor-widget elementor-widget-text-editor\" data-id=\"7bc64f3\" data-element_type=\"widget\" data-widget_type=\"text-editor.default\">\n\t\t\t\t<div class=\"elementor-widget-container\">\n\t\t\t\t\t\t\t\t\t<p><span style=\"color: #2e6bff;\"><strong>Prestation <\/strong><\/span><\/p><p>La prestation d&rsquo;accompagnement \u00e0 la VAE propos\u00e9e suite au diagnostic ne comprend pas les frais certificateurs (frais d&rsquo;inscriptions obligatoires + ensemble des frais \u00e9ventuels appliqu\u00e9s par les certificateurs de type frais de recevabilit\u00e9, frais d&rsquo;organisation de jury, frais d&rsquo;accompagnement obligatoire par le certificateur). Ces tarifs sont d\u00e9finis par le certificateur et seront \u00e0 prendre en charge directement par le candidat.<\/p><p>Etre en possession d\u2019un avis de recevabilit\u00e9 favorable et valide ou bien de faire la d\u00e9marche avant l\u2019entr\u00e9e en formation (d\u00e9lai maximum d\u2019obtention de l\u2019avis 2 mois).<\/p><p><span style=\"color: #2e6bff;\"><strong>D\u00e9tails des frais additionnels non pris en charge<\/strong><\/span><\/p><p>L\u2019accompagnement \u00e0 la constitution du livret 1 de recevabilit\u00e9 est \u00e0 votre charge, le tarif est d\u00e9fini en fonction du besoin identifi\u00e9 lors du diagnostic du projet VAE, indiqu\u00e9 dans le contrat de prestation et factur\u00e9 au d\u00e9marrage l\u2019accompagnement.<\/p>\t\t\t\t\t\t\t\t<\/div>\n\t\t\t\t<\/div>\n\t\t\t\t\t<\/div>\n\t\t<\/div>\n\t\t\t\t\t<\/div>\n\t\t<\/section>\n\t\t\t\t<section class=\"elementor-section elementor-top-section elementor-element elementor-element-68d59e3 elementor-section-boxed elementor-section-height-default elementor-section-height-default\" data-id=\"68d59e3\" data-element_type=\"section\">\n\t\t\t\t\t\t<div class=\"elementor-container elementor-column-gap-default\">\n\t\t\t\t\t<div class=\"elementor-column elementor-col-50 elementor-top-column elementor-element elementor-element-8a1957d\" data-id=\"8a1957d\" data-element_type=\"column\">\n\t\t\t<div class=\"elementor-widget-wrap elementor-element-populated\">\n\t\t\t\t\t\t<div class=\"elementor-element elementor-element-c73015a elementor-widget elementor-widget-text-editor\" data-id=\"c73015a\" data-element_type=\"widget\" data-widget_type=\"text-editor.default\">\n\t\t\t\t<div class=\"elementor-widget-container\">\n\t\t\t\t\t\t\t\t\t<p style=\"text-align: right;\"><strong>Consultez les conditions sur les liens CPF<\/strong><\/p>\t\t\t\t\t\t\t\t<\/div>\n\t\t\t\t<\/div>\n\t\t\t\t\t<\/div>\n\t\t<\/div>\n\t\t\t\t<div class=\"elementor-column elementor-col-50 elementor-top-column elementor-element elementor-element-1be69c3\" data-id=\"1be69c3\" data-element_type=\"column\">\n\t\t\t<div class=\"elementor-widget-wrap elementor-element-populated\">\n\t\t\t\t\t\t<div class=\"elementor-element elementor-element-0edabb6 elementor-align-left elementor-widget__width-inherit elementor-icon-list--layout-traditional elementor-list-item-link-full_width elementor-widget elementor-widget-icon-list\" data-id=\"0edabb6\" data-element_type=\"widget\" data-widget_type=\"icon-list.default\">\n\t\t\t\t<div class=\"elementor-widget-container\">\n\t\t\t\t\t\t\t<ul class=\"elementor-icon-list-items\">\n\t\t\t\t\t\t\t<li class=\"elementor-icon-list-item\">\n\t\t\t\t\t\t\t\t\t\t\t<a href=\"https:\/\/www.moncompteformation.gouv.fr\/espace-prive\/html\/#\/formation\/recherche\/85402982400018_AccompagnementVAEExpress\/85402982400018_Accompagnement-VAE-Express?contexteFormation=ACTIVITE_PROFESSIONNELLE\" target=\"_blank\">\n\n\t\t\t\t\t\t\t\t\t\t\t\t<span class=\"elementor-icon-list-icon\">\n\t\t\t\t\t\t\t<i aria-hidden=\"true\" class=\"far fa-id-card\"><\/i>\t\t\t\t\t\t<\/span>\n\t\t\t\t\t\t\t\t\t\t<span class=\"elementor-icon-list-text\">VAE Express<\/span>\n\t\t\t\t\t\t\t\t\t\t\t<\/a>\n\t\t\t\t\t\t\t\t\t<\/li>\n\t\t\t\t\t\t\t\t<li class=\"elementor-icon-list-item\">\n\t\t\t\t\t\t\t\t\t\t\t<a href=\"https:\/\/www.moncompteformation.gouv.fr\/espace-prive\/html\/#\/formation\/recherche\/85402982400018_VAE-Accompagnement\/85402982400018_Accompagnement-VAE-Avantage?contexteFormation=ACTIVITE_PROFESSIONNELLE\" target=\"_blank\">\n\n\t\t\t\t\t\t\t\t\t\t\t\t<span class=\"elementor-icon-list-icon\">\n\t\t\t\t\t\t\t<i aria-hidden=\"true\" class=\"far fa-id-card\"><\/i>\t\t\t\t\t\t<\/span>\n\t\t\t\t\t\t\t\t\t\t<span class=\"elementor-icon-list-text\">VAE Avantage<\/span>\n\t\t\t\t\t\t\t\t\t\t\t<\/a>\n\t\t\t\t\t\t\t\t\t<\/li>\n\t\t\t\t\t\t\t\t<li class=\"elementor-icon-list-item\">\n\t\t\t\t\t\t\t\t\t\t\t<a href=\"https:\/\/www.moncompteformation.gouv.fr\/espace-prive\/html\/#\/formation\/recherche\/85402982400018_VAEpremium\/85402982400018_Accompagnement-VAE-Premium?contexteFormation=ACTIVITE_PROFESSIONNELLE\" target=\"_blank\">\n\n\t\t\t\t\t\t\t\t\t\t\t\t<span class=\"elementor-icon-list-icon\">\n\t\t\t\t\t\t\t<i aria-hidden=\"true\" class=\"far fa-id-card\"><\/i>\t\t\t\t\t\t<\/span>\n\t\t\t\t\t\t\t\t\t\t<span class=\"elementor-icon-list-text\">VAE Premium<\/span>\n\t\t\t\t\t\t\t\t\t\t\t<\/a>\n\t\t\t\t\t\t\t\t\t<\/li>\n\t\t\t\t\t\t<\/ul>\n\t\t\t\t\t\t<\/div>\n\t\t\t\t<\/div>\n\t\t\t\t\t<\/div>\n\t\t<\/div>\n\t\t\t\t\t<\/div>\n\t\t<\/section>\n\t\t\t\t<\/div>\n\t\t","protected":false},"excerpt":{"rendered":"<p>Prestation La prestation d&rsquo;accompagnement \u00e0 la VAE propos\u00e9e suite au diagnostic ne comprend pas les frais certificateurs (frais d&rsquo;inscriptions obligatoires + ensemble des frais \u00e9ventuels appliqu\u00e9s par les certificateurs de type frais de recevabilit\u00e9, frais d&rsquo;organisation de jury, frais d&rsquo;accompagnement obligatoire par le certificateur). Ces tarifs sont d\u00e9finis par le certificateur et seront \u00e0 prendre [&hellip;]<\/p>\n","protected":false},"author":1,"featured_media":0,"parent":0,"menu_order":0,"comment_status":"closed","ping_status":"closed","template":"","meta":{"om_disable_all_campaigns":false,"_monsterinsights_skip_tracking":false,"_monsterinsights_sitenote_active":false,"_monsterinsights_sitenote_note":"","_monsterinsights_sitenote_category":0,"footnotes":""},"class_list":["post-1790","page","type-page","status-publish","hentry"],"aioseo_notices":[],"_links":{"self":[{"href":"https:\/\/mariabrun.fr\/index.php?rest_route=\/wp\/v2\/pages\/1790","targetHints":{"allow":["GET"]}}],"collection":[{"href":"https:\/\/mariabrun.fr\/index.php?rest_route=\/wp\/v2\/pages"}],"about":[{"href":"https:\/\/mariabrun.fr\/index.php?rest_route=\/wp\/v2\/types\/page"}],"author":[{"embeddable":true,"href":"https:\/\/mariabrun.fr\/index.php?rest_route=\/wp\/v2\/users\/1"}],"replies":[{"embeddable":true,"href":"https:\/\/mariabrun.fr\/index.php?rest_route=%2Fwp%2Fv2%2Fcomments&post=1790"}],"version-history":[{"count":8,"href":"https:\/\/mariabrun.fr\/index.php?rest_route=\/wp\/v2\/pages\/1790\/revisions"}],"predecessor-version":[{"id":1803,"href":"https:\/\/mariabrun.fr\/index.php?rest_route=\/wp\/v2\/pages\/1790\/revisions\/1803"}],"wp:attachment":[{"href":"https:\/\/mariabrun.fr\/index.php?rest_route=%2Fwp%2Fv2%2Fmedia&parent=1790"}],"curies":[{"name":"wp","href":"https:\/\/api.w.org\/{rel}","templated":true}]}}